{"id":104,"date":"2023-10-24T21:04:39","date_gmt":"2023-10-24T19:04:39","guid":{"rendered":"https:\/\/nascentia.eu\/?page_id=104"},"modified":"2025-04-17T17:56:50","modified_gmt":"2025-04-17T15:56:50","slug":"massage-bebe","status":"publish","type":"page","link":"https:\/\/nascentia.eu\/index.php\/massage-bebe\/","title":{"rendered":"Massage bebe"},"content":{"rendered":"\t\t<div data-elementor-type=\"wp-post\" data-elementor-id=\"104\" class=\"elementor elementor-104\">\n\t\t\t\t\t\t<section class=\"elementor-section elementor-top-section elementor-element elementor-element-0c0801a elementor-section-boxed elementor-section-height-default elementor-section-height-default\" data-id=\"0c0801a\" data-element_type=\"section\">\n\t\t\t\t\t\t<div class=\"elementor-container elementor-column-gap-default\">\n\t\t\t\t\t<div class=\"elementor-column elementor-col-100 elementor-top-column elementor-element elementor-element-769ab95\" data-id=\"769ab95\" data-element_type=\"column\">\n\t\t\t<div class=\"elementor-widget-wrap elementor-element-populated\">\n\t\t\t\t\t\t<div class=\"elementor-element elementor-element-99e4e22 elementor-widget__width-inherit elementor-widget elementor-widget-heading\" data-id=\"99e4e22\" data-element_type=\"widget\" data-widget_type=\"heading.default\">\n\t\t\t\t<div class=\"elementor-widget-container\">\n\t\t\t\t\t<h2 class=\"elementor-heading-title elementor-size-default\"><span style=\"font-family: Aleo, sans-serif;font-size: 2rem;text-align: center\">Massage B\u00e9b\u00e9<\/span><\/h2>\t\t\t\t<\/div>\n\t\t\t\t<\/div>\n\t\t\t\t\t<\/div>\n\t\t<\/div>\n\t\t\t\t\t<\/div>\n\t\t<\/section>\n\t\t\t\t<section class=\"elementor-section elementor-top-section elementor-element elementor-element-3e636cf elementor-section-boxed elementor-section-height-default elementor-section-height-default\" data-id=\"3e636cf\" data-element_type=\"section\">\n\t\t\t\t\t\t<div class=\"elementor-container elementor-column-gap-default\">\n\t\t\t\t\t<div class=\"elementor-column elementor-col-50 elementor-top-column elementor-element elementor-element-09ae17f\" data-id=\"09ae17f\" data-element_type=\"column\">\n\t\t\t<div class=\"elementor-widget-wrap elementor-element-populated\">\n\t\t\t\t\t\t<div class=\"elementor-element elementor-element-41d19d0 elementor-widget__width-initial elementor-widget elementor-widget-image\" data-id=\"41d19d0\" data-element_type=\"widget\" data-widget_type=\"image.default\">\n\t\t\t\t<div class=\"elementor-widget-container\">\n\t\t\t\t\t\t\t\t\t\t\t\t\t\t\t<img decoding=\"async\" src=\"https:\/\/nascentia.eu\/wp-content\/uploads\/elementor\/thumbs\/mere-mains-bebe-jambes_23-2148341980-e1698425143765-qehjpq855ru0oagoykxyhpvldhtbj72swts5melcc8.jpeg\" title=\"mere-mains-bebe-jambes_23-2148341980\" alt=\"mere-mains-bebe-jambes_23-2148341980\" loading=\"lazy\" \/>\t\t\t\t\t\t\t\t\t\t\t\t\t\t\t<\/div>\n\t\t\t\t<\/div>\n\t\t\t\t\t<\/div>\n\t\t<\/div>\n\t\t\t\t<div class=\"elementor-column elementor-col-50 elementor-top-column elementor-element elementor-element-bd81e61\" data-id=\"bd81e61\" data-element_type=\"column\">\n\t\t\t<div class=\"elementor-widget-wrap elementor-element-populated\">\n\t\t\t\t\t\t<div class=\"elementor-element elementor-element-8e113d5 elementor-widget__width-inherit elementor-widget elementor-widget-text-editor\" data-id=\"8e113d5\" data-element_type=\"widget\" data-widget_type=\"text-editor.default\">\n\t\t\t\t<div class=\"elementor-widget-container\">\n\t\t\t\t\t\t\t\t\t<p>Le toucher est l&rsquo;un des premiers sens \u00e0 se d\u00e9velopper chez le f\u0153tus, et il continue d&rsquo;\u00eatre un moyen fondamental de communication et de compr\u00e9hension du monde ext\u00e9rieur pour le b\u00e9b\u00e9 apr\u00e8s la naissance.<\/p><p>Le massage est une excellente fa\u00e7on de promouvoir le contact physique bienveillant, et le lien affectif entre les parents et leur enfant. Le massage pour b\u00e9b\u00e9 est une exp\u00e9rience apaisante et relaxante, tant pour le parent qui le donne, que pour le b\u00e9b\u00e9 qui le re\u00e7oit. Les mouvements doux et rythm\u00e9s du massage peuvent aider \u00e0 d\u00e9tendre le nourrisson, et le soulager. Il joue un r\u00f4le essentiel dans le d\u00e9veloppement de l&rsquo;enfant, d\u00e8s sa vie intra-ut\u00e9rine et tout au long de sa vie.<\/p>\t\t\t\t\t\t\t\t<\/div>\n\t\t\t\t<\/div>\n\t\t\t\t<div class=\"elementor-element elementor-element-77e0f7a elementor-widget elementor-widget-heading\" data-id=\"77e0f7a\" data-element_type=\"widget\" data-widget_type=\"heading.default\">\n\t\t\t\t<div class=\"elementor-widget-container\">\n\t\t\t\t\t<p class=\"elementor-heading-title elementor-size-default\">Dur\u00e9e : 30min-1h<\/p>\t\t\t\t<\/div>\n\t\t\t\t<\/div>\n\t\t\t\t<div class=\"elementor-element elementor-element-ca9788d elementor-widget elementor-widget-heading\" data-id=\"ca9788d\" data-element_type=\"widget\" data-widget_type=\"heading.default\">\n\t\t\t\t<div class=\"elementor-widget-container\">\n\t\t\t\t\t<p class=\"elementor-heading-title elementor-size-default\">Tarif : 30\u20ac<\/p>\t\t\t\t<\/div>\n\t\t\t\t<\/div>\n\t\t\t\t<div class=\"elementor-element elementor-element-a5f7f2e elementor-align-center elementor-widget__width-inherit elementor-widget elementor-widget-button\" data-id=\"a5f7f2e\" data-element_type=\"widget\" data-widget_type=\"button.default\">\n\t\t\t\t<div class=\"elementor-widget-container\">\n\t\t\t\t\t\t\t\t\t<div class=\"elementor-button-wrapper\">\n\t\t\t\t\t<a class=\"elementor-button elementor-button-link elementor-size-md\" href=\"https:\/\/nascentia.eu\/index.php\/contact-2\/\">\n\t\t\t\t\t\t<span class=\"elementor-button-content-wrapper\">\n\t\t\t\t\t\t\t\t\t<span class=\"elementor-button-text\">R\u00e9server<\/span>\n\t\t\t\t\t<\/span>\n\t\t\t\t\t<\/a>\n\t\t\t\t<\/div>\n\t\t\t\t\t\t\t\t<\/div>\n\t\t\t\t<\/div>\n\t\t\t\t\t<\/div>\n\t\t<\/div>\n\t\t\t\t\t<\/div>\n\t\t<\/section>\n\t\t\t\t<section class=\"elementor-section elementor-top-section elementor-element elementor-element-4da95114 elementor-section-boxed elementor-section-height-default elementor-section-height-default\" data-id=\"4da95114\" data-element_type=\"section\">\n\t\t\t\t\t\t<div class=\"elementor-container elementor-column-gap-default\">\n\t\t\t\t\t<div class=\"elementor-column elementor-col-100 elementor-top-column elementor-element elementor-element-16e080b\" data-id=\"16e080b\" data-element_type=\"column\">\n\t\t\t<div class=\"elementor-widget-wrap elementor-element-populated\">\n\t\t\t\t\t\t<div class=\"elementor-element elementor-element-74a9af2 elementor-widget elementor-widget-spacer\" data-id=\"74a9af2\" data-element_type=\"widget\" data-widget_type=\"spacer.default\">\n\t\t\t\t<div class=\"elementor-widget-container\">\n\t\t\t\t\t\t\t<div class=\"elementor-spacer\">\n\t\t\t<div class=\"elementor-spacer-inner\"><\/div>\n\t\t<\/div>\n\t\t\t\t\t\t<\/div>\n\t\t\t\t<\/div>\n\t\t\t\t\t<\/div>\n\t\t<\/div>\n\t\t\t\t\t<\/div>\n\t\t<\/section>\n\t\t\t\t<\/div>\n\t\t","protected":false},"excerpt":{"rendered":"<p>Massage B\u00e9b\u00e9 Le toucher est l&rsquo;un des premiers sens \u00e0 se d\u00e9velopper chez le f\u0153tus, et il continue d&rsquo;\u00eatre un moyen fondamental de communication et de compr\u00e9hension du monde ext\u00e9rieur pour le b\u00e9b\u00e9 apr\u00e8s la naissance. Le massage est une excellente fa\u00e7on de promouvoir le contact physique bienveillant, et le lien affectif entre les parents [&hellip;]<\/p>\n","protected":false},"author":1,"featured_media":0,"parent":0,"menu_order":0,"comment_status":"closed","ping_status":"closed","template":"elementor_header_footer","meta":{"footnotes":""},"class_list":["post-104","page","type-page","status-publish","hentry"],"_links":{"self":[{"href":"https:\/\/nascentia.eu\/index.php\/wp-json\/wp\/v2\/pages\/104","targetHints":{"allow":["GET"]}}],"collection":[{"href":"https:\/\/nascentia.eu\/index.php\/wp-json\/wp\/v2\/pages"}],"about":[{"href":"https:\/\/nascentia.eu\/index.php\/wp-json\/wp\/v2\/types\/page"}],"author":[{"embeddable":true,"href":"https:\/\/nascentia.eu\/index.php\/wp-json\/wp\/v2\/users\/1"}],"replies":[{"embeddable":true,"href":"https:\/\/nascentia.eu\/index.php\/wp-json\/wp\/v2\/comments?post=104"}],"version-history":[{"count":96,"href":"https:\/\/nascentia.eu\/index.php\/wp-json\/wp\/v2\/pages\/104\/revisions"}],"predecessor-version":[{"id":2602,"href":"https:\/\/nascentia.eu\/index.php\/wp-json\/wp\/v2\/pages\/104\/revisions\/2602"}],"wp:attachment":[{"href":"https:\/\/nascentia.eu\/index.php\/wp-json\/wp\/v2\/media?parent=104"}],"curies":[{"name":"wp","href":"https:\/\/api.w.org\/{rel}","templated":true}]}}