{"id":126,"date":"2023-08-06T21:13:48","date_gmt":"2023-08-06T19:13:48","guid":{"rendered":"https:\/\/nascentia.eu\/index.php\/services\/"},"modified":"2025-04-17T20:39:48","modified_gmt":"2025-04-17T18:39:48","slug":"services","status":"publish","type":"page","link":"https:\/\/nascentia.eu\/index.php\/services\/","title":{"rendered":"Prestations &#038; Tarifs"},"content":{"rendered":"\t\t<div data-elementor-type=\"wp-page\" data-elementor-id=\"126\" class=\"elementor elementor-126\">\n\t\t\t\t\t\t<section class=\"elementor-section elementor-top-section elementor-element elementor-element-79130aa elementor-section-full_width elementor-section-height-default elementor-section-height-default\" data-id=\"79130aa\" data-element_type=\"section\">\n\t\t\t\t\t\t<div class=\"elementor-container elementor-column-gap-default\">\n\t\t\t\t\t<div class=\"elementor-column elementor-col-100 elementor-top-column elementor-element elementor-element-e479abb\" data-id=\"e479abb\" data-element_type=\"column\" data-settings=\"{&quot;background_background&quot;:&quot;classic&quot;}\">\n\t\t\t<div class=\"elementor-widget-wrap elementor-element-populated\">\n\t\t\t\t\t\t<div class=\"elementor-element elementor-element-c7d0deb elementor-widget elementor-widget-heading\" data-id=\"c7d0deb\" data-element_type=\"widget\" data-widget_type=\"heading.default\">\n\t\t\t\t<div class=\"elementor-widget-container\">\n\t\t\t\t\t<h2 class=\"elementor-heading-title elementor-size-default\"><a href=\"https:\/\/nascentia.eu\/index.php\/services\/\">PRESTATIONS &amp; TARIFS<\/a><\/h2>\t\t\t\t<\/div>\n\t\t\t\t<\/div>\n\t\t\t\t\t<\/div>\n\t\t<\/div>\n\t\t\t\t\t<\/div>\n\t\t<\/section>\n\t\t\t\t<section class=\"elementor-section elementor-top-section elementor-element elementor-element-d1dc2b3 elementor-section-boxed elementor-section-height-default elementor-section-height-default\" data-id=\"d1dc2b3\" data-element_type=\"section\" data-settings=\"{&quot;background_background&quot;:&quot;classic&quot;}\">\n\t\t\t\t\t\t<div class=\"elementor-container elementor-column-gap-no\">\n\t\t\t\t\t<div class=\"elementor-column elementor-col-25 elementor-top-column elementor-element elementor-element-c0a828f\" data-id=\"c0a828f\" data-element_type=\"column\">\n\t\t\t<div class=\"elementor-widget-wrap elementor-element-populated\">\n\t\t\t\t\t\t<div class=\"elementor-element elementor-element-0b34ba3 elementor-widget elementor-widget-image\" data-id=\"0b34ba3\" data-element_type=\"widget\" data-widget_type=\"image.default\">\n\t\t\t\t<div class=\"elementor-widget-container\">\n\t\t\t\t\t\t\t\t\t\t\t\t\t\t\t<img fetchpriority=\"high\" decoding=\"async\" width=\"800\" height=\"1021\" src=\"https:\/\/nascentia.eu\/wp-content\/uploads\/2025\/04\/1P6A2374-scaled-e1744914099836-802x1024.jpg\" class=\"attachment-large size-large wp-image-2753\" alt=\"\" srcset=\"https:\/\/nascentia.eu\/wp-content\/uploads\/2025\/04\/1P6A2374-scaled-e1744914099836-802x1024.jpg 802w, https:\/\/nascentia.eu\/wp-content\/uploads\/2025\/04\/1P6A2374-scaled-e1744914099836-235x300.jpg 235w, https:\/\/nascentia.eu\/wp-content\/uploads\/2025\/04\/1P6A2374-scaled-e1744914099836-768x980.jpg 768w, https:\/\/nascentia.eu\/wp-content\/uploads\/2025\/04\/1P6A2374-scaled-e1744914099836-1204x1536.jpg 1204w, https:\/\/nascentia.eu\/wp-content\/uploads\/2025\/04\/1P6A2374-scaled-e1744914099836.jpg 1344w\" sizes=\"(max-width: 800px) 100vw, 800px\" \/>\t\t\t\t\t\t\t\t\t\t\t\t\t\t\t<\/div>\n\t\t\t\t<\/div>\n\t\t\t\t<div class=\"elementor-element elementor-element-d88bda2 elementor-widget elementor-widget-heading\" data-id=\"d88bda2\" data-element_type=\"widget\" data-widget_type=\"heading.default\">\n\t\t\t\t<div class=\"elementor-widget-container\">\n\t\t\t\t\t<h2 class=\"elementor-heading-title elementor-size-default\"><a href=\"https:\/\/nascentia.eu\/index.php\/thalasso-therapeutique-bain-bebe\/\">Thalasso th\u00e9rapeutique\nbain b\u00e9b\u00e9\n<\/a><\/h2>\t\t\t\t<\/div>\n\t\t\t\t<\/div>\n\t\t\t\t<div class=\"elementor-element elementor-element-c400f3e elementor-widget elementor-widget-heading\" data-id=\"c400f3e\" data-element_type=\"widget\" data-widget_type=\"heading.default\">\n\t\t\t\t<div class=\"elementor-widget-container\">\n\t\t\t\t\t<h2 class=\"elementor-heading-title elementor-size-default\"><span style=\"font-family: arial, sans-serif;font-size: 16px;text-align: start\">90\u20ac<\/span><\/h2>\t\t\t\t<\/div>\n\t\t\t\t<\/div>\n\t\t\t\t\t<\/div>\n\t\t<\/div>\n\t\t\t\t<div class=\"elementor-column elementor-col-25 elementor-top-column elementor-element elementor-element-f750c5d\" data-id=\"f750c5d\" data-element_type=\"column\">\n\t\t\t<div class=\"elementor-widget-wrap elementor-element-populated\">\n\t\t\t\t\t\t<div class=\"elementor-element elementor-element-c8f3bff elementor-widget elementor-widget-image\" data-id=\"c8f3bff\" data-element_type=\"widget\" data-widget_type=\"image.default\">\n\t\t\t\t<div class=\"elementor-widget-container\">\n\t\t\t\t\t\t\t\t\t\t\t\t\t\t\t<img decoding=\"async\" width=\"683\" height=\"1024\" src=\"https:\/\/nascentia.eu\/wp-content\/uploads\/2025\/04\/Raphael_-58-683x1024.jpg\" class=\"attachment-large size-large wp-image-2747\" alt=\"\" srcset=\"https:\/\/nascentia.eu\/wp-content\/uploads\/2025\/04\/Raphael_-58-683x1024.jpg 683w, https:\/\/nascentia.eu\/wp-content\/uploads\/2025\/04\/Raphael_-58-200x300.jpg 200w, https:\/\/nascentia.eu\/wp-content\/uploads\/2025\/04\/Raphael_-58-768x1152.jpg 768w, https:\/\/nascentia.eu\/wp-content\/uploads\/2025\/04\/Raphael_-58-1024x1536.jpg 1024w, https:\/\/nascentia.eu\/wp-content\/uploads\/2025\/04\/Raphael_-58-1365x2048.jpg 1365w, https:\/\/nascentia.eu\/wp-content\/uploads\/2025\/04\/Raphael_-58-scaled.jpg 1707w\" sizes=\"(max-width: 683px) 100vw, 683px\" \/>\t\t\t\t\t\t\t\t\t\t\t\t\t\t\t<\/div>\n\t\t\t\t<\/div>\n\t\t\t\t<div class=\"elementor-element elementor-element-55e950d elementor-widget elementor-widget-heading\" data-id=\"55e950d\" data-element_type=\"widget\" data-widget_type=\"heading.default\">\n\t\t\t\t<div class=\"elementor-widget-container\">\n\t\t\t\t\t<h2 class=\"elementor-heading-title elementor-size-default\"><a href=\"https:\/\/nascentia.eu\/index.php\/massage-bebe\/\">Massage b\u00e9b\u00e9<\/a><\/h2>\t\t\t\t<\/div>\n\t\t\t\t<\/div>\n\t\t\t\t<div class=\"elementor-element elementor-element-5aca75f elementor-widget elementor-widget-heading\" data-id=\"5aca75f\" data-element_type=\"widget\" data-widget_type=\"heading.default\">\n\t\t\t\t<div class=\"elementor-widget-container\">\n\t\t\t\t\t<h2 class=\"elementor-heading-title elementor-size-default\"><span style=\"font-family: arial, sans-serif;font-size: 16px;text-align: start\">30\u20ac<\/span><\/h2>\t\t\t\t<\/div>\n\t\t\t\t<\/div>\n\t\t\t\t\t<\/div>\n\t\t<\/div>\n\t\t\t\t<div class=\"elementor-column elementor-col-25 elementor-top-column elementor-element elementor-element-e6c0956\" data-id=\"e6c0956\" data-element_type=\"column\">\n\t\t\t<div class=\"elementor-widget-wrap elementor-element-populated\">\n\t\t\t\t\t\t<div class=\"elementor-element elementor-element-0371748 elementor-widget elementor-widget-image\" data-id=\"0371748\" data-element_type=\"widget\" data-widget_type=\"image.default\">\n\t\t\t\t<div class=\"elementor-widget-container\">\n\t\t\t\t\t\t\t\t\t\t\t\t\t\t\t<img decoding=\"async\" width=\"800\" height=\"534\" src=\"https:\/\/nascentia.eu\/wp-content\/uploads\/2025\/04\/Raphael_-64-1024x683.jpg\" class=\"attachment-large size-large wp-image-2746\" alt=\"\" srcset=\"https:\/\/nascentia.eu\/wp-content\/uploads\/2025\/04\/Raphael_-64-1024x683.jpg 1024w, https:\/\/nascentia.eu\/wp-content\/uploads\/2025\/04\/Raphael_-64-300x200.jpg 300w, https:\/\/nascentia.eu\/wp-content\/uploads\/2025\/04\/Raphael_-64-768x512.jpg 768w, https:\/\/nascentia.eu\/wp-content\/uploads\/2025\/04\/Raphael_-64-1536x1024.jpg 1536w, https:\/\/nascentia.eu\/wp-content\/uploads\/2025\/04\/Raphael_-64-2048x1365.jpg 2048w\" sizes=\"(max-width: 800px) 100vw, 800px\" \/>\t\t\t\t\t\t\t\t\t\t\t\t\t\t\t<\/div>\n\t\t\t\t<\/div>\n\t\t\t\t<div class=\"elementor-element elementor-element-7a44652 elementor-widget elementor-widget-heading\" data-id=\"7a44652\" data-element_type=\"widget\" data-widget_type=\"heading.default\">\n\t\t\t\t<div class=\"elementor-widget-container\">\n\t\t\t\t\t<h2 class=\"elementor-heading-title elementor-size-default\"><a href=\"https:\/\/nascentia.eu\/index.php\/massage-bebe\/\">R\u00e9flexologie B\u00e9b\u00e9 \u00c9motionnelle\n<\/a><\/h2>\t\t\t\t<\/div>\n\t\t\t\t<\/div>\n\t\t\t\t<div class=\"elementor-element elementor-element-7bf65ce elementor-widget elementor-widget-heading\" data-id=\"7bf65ce\" data-element_type=\"widget\" data-widget_type=\"heading.default\">\n\t\t\t\t<div class=\"elementor-widget-container\">\n\t\t\t\t\t<h2 class=\"elementor-heading-title elementor-size-default\"><span style=\"font-family: arial, sans-serif;font-size: 16px;text-align: start\">60\u20ac<\/span><\/h2>\t\t\t\t<\/div>\n\t\t\t\t<\/div>\n\t\t\t\t\t<\/div>\n\t\t<\/div>\n\t\t\t\t<div class=\"elementor-column elementor-col-25 elementor-top-column elementor-element elementor-element-f765a3a\" data-id=\"f765a3a\" data-element_type=\"column\">\n\t\t\t<div class=\"elementor-widget-wrap elementor-element-populated\">\n\t\t\t\t\t\t<div class=\"elementor-element elementor-element-15bc432 elementor-widget elementor-widget-image\" data-id=\"15bc432\" data-element_type=\"widget\" data-widget_type=\"image.default\">\n\t\t\t\t<div class=\"elementor-widget-container\">\n\t\t\t\t\t\t\t\t\t\t\t\t\t\t\t<img loading=\"lazy\" decoding=\"async\" width=\"336\" height=\"471\" src=\"https:\/\/nascentia.eu\/wp-content\/uploads\/2023\/10\/istockphoto-1225775033-612x612-1-e1698513388922.jpeg\" class=\"attachment-large size-large wp-image-1763\" alt=\"\" srcset=\"https:\/\/nascentia.eu\/wp-content\/uploads\/2023\/10\/istockphoto-1225775033-612x612-1-e1698513388922.jpeg 336w, https:\/\/nascentia.eu\/wp-content\/uploads\/2023\/10\/istockphoto-1225775033-612x612-1-e1698513388922-214x300.jpeg 214w\" sizes=\"(max-width: 336px) 100vw, 336px\" \/>\t\t\t\t\t\t\t\t\t\t\t\t\t\t\t<\/div>\n\t\t\t\t<\/div>\n\t\t\t\t<div class=\"elementor-element elementor-element-4abba15 elementor-widget elementor-widget-heading\" data-id=\"4abba15\" data-element_type=\"widget\" data-widget_type=\"heading.default\">\n\t\t\t\t<div class=\"elementor-widget-container\">\n\t\t\t\t\t<h2 class=\"elementor-heading-title elementor-size-default\"><a href=\"https:\/\/nascentia.eu\/index.php\/initiation-portage\/\">Initiation portage <\/a><\/h2>\t\t\t\t<\/div>\n\t\t\t\t<\/div>\n\t\t\t\t<div class=\"elementor-element elementor-element-63cc15b elementor-widget elementor-widget-heading\" data-id=\"63cc15b\" data-element_type=\"widget\" data-widget_type=\"heading.default\">\n\t\t\t\t<div class=\"elementor-widget-container\">\n\t\t\t\t\t<h2 class=\"elementor-heading-title elementor-size-default\"><span style=\"font-family: arial, sans-serif;font-size: 16px;text-align: start\">70\u20ac<\/span><\/h2>\t\t\t\t<\/div>\n\t\t\t\t<\/div>\n\t\t\t\t\t<\/div>\n\t\t<\/div>\n\t\t\t\t\t<\/div>\n\t\t<\/section>\n\t\t\t\t<section class=\"elementor-section elementor-top-section elementor-element elementor-element-f1bcf12 elementor-section-boxed elementor-section-height-default elementor-section-height-default\" data-id=\"f1bcf12\" data-element_type=\"section\">\n\t\t\t\t\t\t<div class=\"elementor-container elementor-column-gap-default\">\n\t\t\t\t\t<div class=\"elementor-column elementor-col-100 elementor-top-column elementor-element elementor-element-57cd930\" data-id=\"57cd930\" data-element_type=\"column\">\n\t\t\t<div class=\"elementor-widget-wrap elementor-element-populated\">\n\t\t\t\t\t\t<div class=\"elementor-element elementor-element-dc210b2 elementor-widget elementor-widget-spacer\" data-id=\"dc210b2\" data-element_type=\"widget\" data-widget_type=\"spacer.default\">\n\t\t\t\t<div class=\"elementor-widget-container\">\n\t\t\t\t\t\t\t<div class=\"elementor-spacer\">\n\t\t\t<div class=\"elementor-spacer-inner\"><\/div>\n\t\t<\/div>\n\t\t\t\t\t\t<\/div>\n\t\t\t\t<\/div>\n\t\t\t\t\t<\/div>\n\t\t<\/div>\n\t\t\t\t\t<\/div>\n\t\t<\/section>\n\t\t\t\t<section class=\"elementor-section elementor-top-section elementor-element elementor-element-9f1e100 elementor-section-height-min-height elementor-section-boxed elementor-section-height-default elementor-section-items-middle\" data-id=\"9f1e100\" data-element_type=\"section\" data-settings=\"{&quot;background_background&quot;:&quot;classic&quot;}\">\n\t\t\t\t\t\t<div class=\"elementor-container elementor-column-gap-default\">\n\t\t\t\t\t<div class=\"elementor-column elementor-col-50 elementor-top-column elementor-element elementor-element-4e1242c\" data-id=\"4e1242c\" data-element_type=\"column\">\n\t\t\t<div class=\"elementor-widget-wrap elementor-element-populated\">\n\t\t\t\t\t\t<div class=\"elementor-element elementor-element-85f6f8a elementor-widget__width-initial elementor-widget elementor-widget-heading\" data-id=\"85f6f8a\" data-element_type=\"widget\" data-widget_type=\"heading.default\">\n\t\t\t\t<div class=\"elementor-widget-container\">\n\t\t\t\t\t<h2 class=\"elementor-heading-title elementor-size-default\"><a href=\"https:\/\/nascentia.eu\/index.php\/contact-2\/\">Un Bain Thalasso\nTh\u00e9rapeutique \n\u00e0 Offrir ?<\/a><\/h2>\t\t\t\t<\/div>\n\t\t\t\t<\/div>\n\t\t\t\t\t<\/div>\n\t\t<\/div>\n\t\t\t\t<div class=\"elementor-column elementor-col-50 elementor-top-column elementor-element elementor-element-cee98e0\" data-id=\"cee98e0\" data-element_type=\"column\">\n\t\t\t<div class=\"elementor-widget-wrap elementor-element-populated\">\n\t\t\t\t\t\t<div class=\"elementor-element elementor-element-7d7cf66 elementor-widget elementor-widget-text-editor\" data-id=\"7d7cf66\" data-element_type=\"widget\" data-widget_type=\"text-editor.default\">\n\t\t\t\t<div class=\"elementor-widget-container\">\n\t\t\t\t\t\t\t\t\t<p>Possibilit\u00e9 d&rsquo;offrir une carte cadeau pour chaque service que je propose. <br \/>Il vous suffit de me contacter pour me pr\u00e9ciser les services que vous aimeriez offrir, et nous pourrons coordonner l&rsquo;envoi des cartes cadeaux directement \u00e0 votre domicile, ce qui vous permettra de cr\u00e9er de merveilleux cadeaux.<\/p>\t\t\t\t\t\t\t\t<\/div>\n\t\t\t\t<\/div>\n\t\t\t\t\t<\/div>\n\t\t<\/div>\n\t\t\t\t\t<\/div>\n\t\t<\/section>\n\t\t\t\t<\/div>\n\t\t","protected":false},"excerpt":{"rendered":"<p>PRESTATIONS &amp; TARIFS Thalasso th\u00e9rapeutique bain b\u00e9b\u00e9 90\u20ac Massage b\u00e9b\u00e9 30\u20ac R\u00e9flexologie B\u00e9b\u00e9 \u00c9motionnelle 60\u20ac Initiation portage 70\u20ac Un Bain Thalasso Th\u00e9rapeutique \u00e0 Offrir ? Possibilit\u00e9 d&rsquo;offrir une carte cadeau pour chaque service que je propose. Il vous suffit de me contacter pour me pr\u00e9ciser les services que vous aimeriez offrir, et nous pourrons coordonner [&hellip;]<\/p>\n","protected":false},"author":1,"featured_media":0,"parent":0,"menu_order":0,"comment_status":"closed","ping_status":"closed","template":"elementor_header_footer","meta":{"footnotes":""},"class_list":["post-126","page","type-page","status-publish","hentry"],"_links":{"self":[{"href":"https:\/\/nascentia.eu\/index.php\/wp-json\/wp\/v2\/pages\/126","targetHints":{"allow":["GET"]}}],"collection":[{"href":"https:\/\/nascentia.eu\/index.php\/wp-json\/wp\/v2\/pages"}],"about":[{"href":"https:\/\/nascentia.eu\/index.php\/wp-json\/wp\/v2\/types\/page"}],"author":[{"embeddable":true,"href":"https:\/\/nascentia.eu\/index.php\/wp-json\/wp\/v2\/users\/1"}],"replies":[{"embeddable":true,"href":"https:\/\/nascentia.eu\/index.php\/wp-json\/wp\/v2\/comments?post=126"}],"version-history":[{"count":177,"href":"https:\/\/nascentia.eu\/index.php\/wp-json\/wp\/v2\/pages\/126\/revisions"}],"predecessor-version":[{"id":2836,"href":"https:\/\/nascentia.eu\/index.php\/wp-json\/wp\/v2\/pages\/126\/revisions\/2836"}],"wp:attachment":[{"href":"https:\/\/nascentia.eu\/index.php\/wp-json\/wp\/v2\/media?parent=126"}],"curies":[{"name":"wp","href":"https:\/\/api.w.org\/{rel}","templated":true}]}}