{"id":1317,"date":"2023-10-24T21:02:34","date_gmt":"2023-10-24T19:02:34","guid":{"rendered":"https:\/\/nascentia.eu\/?page_id=1317"},"modified":"2025-04-17T21:37:09","modified_gmt":"2025-04-17T19:37:09","slug":"thalasso-therapeutique-bain-bebe","status":"publish","type":"page","link":"https:\/\/nascentia.eu\/index.php\/thalasso-therapeutique-bain-bebe\/","title":{"rendered":"Thalasso Th\u00e9rapeutique Bain B\u00e9b\u00e9"},"content":{"rendered":"\t\t<div data-elementor-type=\"wp-page\" data-elementor-id=\"1317\" class=\"elementor elementor-1317\">\n\t\t\t\t\t\t<section class=\"elementor-section elementor-top-section elementor-element elementor-element-eaa712b elementor-section-boxed elementor-section-height-default elementor-section-height-default\" data-id=\"eaa712b\" data-element_type=\"section\">\n\t\t\t\t\t\t<div class=\"elementor-container elementor-column-gap-default\">\n\t\t\t\t\t<div class=\"elementor-column elementor-col-100 elementor-top-column elementor-element elementor-element-e2c25b9\" data-id=\"e2c25b9\" data-element_type=\"column\">\n\t\t\t<div class=\"elementor-widget-wrap elementor-element-populated\">\n\t\t\t\t\t\t<div class=\"elementor-element elementor-element-4fe0408 elementor-widget__width-inherit elementor-widget elementor-widget-heading\" data-id=\"4fe0408\" data-element_type=\"widget\" data-widget_type=\"heading.default\">\n\t\t\t\t<div class=\"elementor-widget-container\">\n\t\t\t\t\t<h2 class=\"elementor-heading-title elementor-size-default\"><span style=\"font-family: Aleo, sans-serif;font-size: 2rem;text-align: center\">Thalasso Th\u00e9rapeutique Bain B\u00e9b\u00e9<\/span><\/h2>\t\t\t\t<\/div>\n\t\t\t\t<\/div>\n\t\t\t\t\t<\/div>\n\t\t<\/div>\n\t\t\t\t\t<\/div>\n\t\t<\/section>\n\t\t\t\t<section class=\"elementor-section elementor-top-section elementor-element elementor-element-8bd8c58 elementor-section-full_width elementor-section-height-min-height elementor-section-content-middle elementor-section-height-default elementor-section-items-middle\" data-id=\"8bd8c58\" data-element_type=\"section\">\n\t\t\t\t\t\t<div class=\"elementor-container elementor-column-gap-custom\">\n\t\t\t\t\t<div class=\"elementor-column elementor-col-100 elementor-top-column elementor-element elementor-element-1a44b46\" data-id=\"1a44b46\" data-element_type=\"column\">\n\t\t\t<div class=\"elementor-widget-wrap elementor-element-populated\">\n\t\t\t\t\t\t<div class=\"elementor-element elementor-element-89c7562 elementor-widget__width-auto elementor-widget-tablet__width-auto elementor-arrows-position-inside elementor-pagination-position-outside elementor-widget elementor-widget-image-carousel\" data-id=\"89c7562\" data-element_type=\"widget\" data-settings=\"{&quot;slides_to_show&quot;:&quot;6&quot;,&quot;slides_to_show_tablet&quot;:&quot;5&quot;,&quot;slides_to_show_mobile_extra&quot;:&quot;4&quot;,&quot;slides_to_show_mobile&quot;:&quot;3&quot;,&quot;image_spacing_custom&quot;:{&quot;unit&quot;:&quot;px&quot;,&quot;size&quot;:5,&quot;sizes&quot;:[]},&quot;autoplay_speed&quot;:3000,&quot;navigation&quot;:&quot;both&quot;,&quot;autoplay&quot;:&quot;yes&quot;,&quot;pause_on_interaction&quot;:&quot;yes&quot;,&quot;infinite&quot;:&quot;yes&quot;,&quot;speed&quot;:500,&quot;image_spacing_custom_tablet&quot;:{&quot;unit&quot;:&quot;px&quot;,&quot;size&quot;:&quot;&quot;,&quot;sizes&quot;:[]},&quot;image_spacing_custom_mobile_extra&quot;:{&quot;unit&quot;:&quot;px&quot;,&quot;size&quot;:&quot;&quot;,&quot;sizes&quot;:[]},&quot;image_spacing_custom_mobile&quot;:{&quot;unit&quot;:&quot;px&quot;,&quot;size&quot;:&quot;&quot;,&quot;sizes&quot;:[]}}\" data-widget_type=\"image-carousel.default\">\n\t\t\t\t<div class=\"elementor-widget-container\">\n\t\t\t\t\t\t\t<div class=\"elementor-image-carousel-wrapper swiper\" role=\"region\" aria-roledescription=\"carousel\" aria-label=\"Carrousel d\u2019images\" dir=\"ltr\">\n\t\t\t<div class=\"elementor-image-carousel swiper-wrapper\" aria-live=\"off\">\n\t\t\t\t\t\t\t\t<div class=\"swiper-slide\" role=\"group\" aria-roledescription=\"slide\" aria-label=\"1 sur 20\"><figure class=\"swiper-slide-inner\"><img decoding=\"async\" class=\"swiper-slide-image\" src=\"https:\/\/nascentia.eu\/wp-content\/uploads\/2025\/04\/0N1A1288-768x1152.jpg\" alt=\"0N1A1288\" \/><\/figure><\/div><div class=\"swiper-slide\" role=\"group\" aria-roledescription=\"slide\" aria-label=\"2 sur 20\"><figure class=\"swiper-slide-inner\"><img decoding=\"async\" class=\"swiper-slide-image\" src=\"https:\/\/nascentia.eu\/wp-content\/uploads\/2025\/04\/0N1A1366-768x1152.jpg\" alt=\"0N1A1366\" \/><\/figure><\/div><div class=\"swiper-slide\" role=\"group\" aria-roledescription=\"slide\" aria-label=\"3 sur 20\"><figure class=\"swiper-slide-inner\"><img decoding=\"async\" class=\"swiper-slide-image\" src=\"https:\/\/nascentia.eu\/wp-content\/uploads\/2025\/04\/0N1A0016-768x1152.jpg\" alt=\"0N1A0016\" \/><\/figure><\/div><div class=\"swiper-slide\" role=\"group\" aria-roledescription=\"slide\" aria-label=\"4 sur 20\"><figure class=\"swiper-slide-inner\"><img decoding=\"async\" class=\"swiper-slide-image\" src=\"https:\/\/nascentia.eu\/wp-content\/uploads\/2025\/04\/0N1A1079-768x1152.jpg\" alt=\"0N1A1079\" \/><\/figure><\/div><div class=\"swiper-slide\" role=\"group\" aria-roledescription=\"slide\" aria-label=\"5 sur 20\"><figure class=\"swiper-slide-inner\"><img decoding=\"async\" class=\"swiper-slide-image\" src=\"https:\/\/nascentia.eu\/wp-content\/uploads\/2025\/04\/0N1A1128-768x1152.jpg\" alt=\"0N1A1128\" \/><\/figure><\/div><div class=\"swiper-slide\" role=\"group\" aria-roledescription=\"slide\" aria-label=\"6 sur 20\"><figure class=\"swiper-slide-inner\"><img decoding=\"async\" class=\"swiper-slide-image\" src=\"https:\/\/nascentia.eu\/wp-content\/uploads\/2025\/04\/0N1A1255-768x1152.jpg\" alt=\"0N1A1255\" \/><\/figure><\/div><div class=\"swiper-slide\" role=\"group\" aria-roledescription=\"slide\" aria-label=\"7 sur 20\"><figure class=\"swiper-slide-inner\"><img decoding=\"async\" class=\"swiper-slide-image\" src=\"https:\/\/nascentia.eu\/wp-content\/uploads\/2025\/04\/0N1A0034-768x1152.jpg\" alt=\"0N1A0034\" \/><\/figure><\/div><div class=\"swiper-slide\" role=\"group\" aria-roledescription=\"slide\" aria-label=\"8 sur 20\"><figure class=\"swiper-slide-inner\"><img decoding=\"async\" class=\"swiper-slide-image\" src=\"https:\/\/nascentia.eu\/wp-content\/uploads\/2025\/04\/0N1A1376-768x1152.jpg\" alt=\"0N1A1376\" \/><\/figure><\/div><div class=\"swiper-slide\" role=\"group\" aria-roledescription=\"slide\" aria-label=\"9 sur 20\"><figure class=\"swiper-slide-inner\"><img decoding=\"async\" class=\"swiper-slide-image\" src=\"https:\/\/nascentia.eu\/wp-content\/uploads\/2025\/04\/0N1A3561-768x1152.jpg\" alt=\"0N1A3561\" \/><\/figure><\/div><div class=\"swiper-slide\" role=\"group\" aria-roledescription=\"slide\" aria-label=\"10 sur 20\"><figure class=\"swiper-slide-inner\"><img decoding=\"async\" class=\"swiper-slide-image\" src=\"https:\/\/nascentia.eu\/wp-content\/uploads\/2025\/04\/0N1A3684-768x1152.jpg\" alt=\"0N1A3684\" \/><\/figure><\/div><div class=\"swiper-slide\" role=\"group\" aria-roledescription=\"slide\" aria-label=\"11 sur 20\"><figure class=\"swiper-slide-inner\"><img decoding=\"async\" class=\"swiper-slide-image\" src=\"https:\/\/nascentia.eu\/wp-content\/uploads\/2025\/04\/0N1A3685-768x1152.jpg\" alt=\"0N1A3685\" \/><\/figure><\/div><div class=\"swiper-slide\" role=\"group\" aria-roledescription=\"slide\" aria-label=\"12 sur 20\"><figure class=\"swiper-slide-inner\"><img decoding=\"async\" class=\"swiper-slide-image\" src=\"https:\/\/nascentia.eu\/wp-content\/uploads\/2025\/04\/0N1A3696-768x1152.jpg\" alt=\"0N1A3696\" \/><\/figure><\/div><div class=\"swiper-slide\" role=\"group\" aria-roledescription=\"slide\" aria-label=\"13 sur 20\"><figure class=\"swiper-slide-inner\"><img decoding=\"async\" class=\"swiper-slide-image\" src=\"https:\/\/nascentia.eu\/wp-content\/uploads\/2025\/04\/0N1A0023-768x1152.jpg\" alt=\"0N1A0023\" \/><\/figure><\/div><div class=\"swiper-slide\" role=\"group\" aria-roledescription=\"slide\" aria-label=\"14 sur 20\"><figure class=\"swiper-slide-inner\"><img decoding=\"async\" class=\"swiper-slide-image\" src=\"https:\/\/nascentia.eu\/wp-content\/uploads\/2025\/04\/0N1A9811-768x1152.jpg\" alt=\"0N1A9811\" \/><\/figure><\/div><div class=\"swiper-slide\" role=\"group\" aria-roledescription=\"slide\" aria-label=\"15 sur 20\"><figure class=\"swiper-slide-inner\"><img decoding=\"async\" class=\"swiper-slide-image\" src=\"https:\/\/nascentia.eu\/wp-content\/uploads\/2025\/04\/0N1A9818-768x1152.jpg\" alt=\"0N1A9818\" \/><\/figure><\/div><div class=\"swiper-slide\" role=\"group\" aria-roledescription=\"slide\" aria-label=\"16 sur 20\"><figure class=\"swiper-slide-inner\"><img decoding=\"async\" class=\"swiper-slide-image\" src=\"https:\/\/nascentia.eu\/wp-content\/uploads\/2025\/04\/0N1A9868-768x1152.jpg\" alt=\"0N1A9868\" \/><\/figure><\/div><div class=\"swiper-slide\" role=\"group\" aria-roledescription=\"slide\" aria-label=\"17 sur 20\"><figure class=\"swiper-slide-inner\"><img decoding=\"async\" class=\"swiper-slide-image\" src=\"https:\/\/nascentia.eu\/wp-content\/uploads\/2025\/04\/0N1A9885-768x1152.jpg\" alt=\"0N1A9885\" \/><\/figure><\/div><div class=\"swiper-slide\" role=\"group\" aria-roledescription=\"slide\" aria-label=\"18 sur 20\"><figure class=\"swiper-slide-inner\"><img decoding=\"async\" class=\"swiper-slide-image\" src=\"https:\/\/nascentia.eu\/wp-content\/uploads\/2025\/04\/0N1A9922-768x1152.jpg\" alt=\"0N1A9922\" \/><\/figure><\/div><div class=\"swiper-slide\" role=\"group\" aria-roledescription=\"slide\" aria-label=\"19 sur 20\"><figure class=\"swiper-slide-inner\"><img decoding=\"async\" class=\"swiper-slide-image\" src=\"https:\/\/nascentia.eu\/wp-content\/uploads\/2025\/04\/0N1A9994-768x1152.jpg\" alt=\"0N1A9994\" \/><\/figure><\/div><div class=\"swiper-slide\" role=\"group\" aria-roledescription=\"slide\" aria-label=\"20 sur 20\"><figure class=\"swiper-slide-inner\"><img decoding=\"async\" class=\"swiper-slide-image\" src=\"https:\/\/nascentia.eu\/wp-content\/uploads\/2025\/04\/1P6A2498-768x1152.jpg\" alt=\"1P6A2498\" \/><\/figure><\/div>\t\t\t<\/div>\n\t\t\t\t\t\t\t\t\t\t\t\t<div class=\"elementor-swiper-button elementor-swiper-button-prev\" role=\"button\" tabindex=\"0\">\n\t\t\t\t\t\t<i aria-hidden=\"true\" class=\"eicon-chevron-left\"><\/i>\t\t\t\t\t<\/div>\n\t\t\t\t\t<div class=\"elementor-swiper-button elementor-swiper-button-next\" role=\"button\" tabindex=\"0\">\n\t\t\t\t\t\t<i aria-hidden=\"true\" class=\"eicon-chevron-right\"><\/i>\t\t\t\t\t<\/div>\n\t\t\t\t\n\t\t\t\t\t\t\t\t\t<div class=\"swiper-pagination\"><\/div>\n\t\t\t\t\t\t\t\t\t<\/div>\n\t\t\t\t\t\t<\/div>\n\t\t\t\t<\/div>\n\t\t\t\t\t<\/div>\n\t\t<\/div>\n\t\t\t\t\t<\/div>\n\t\t<\/section>\n\t\t\t\t<section class=\"elementor-section elementor-top-section elementor-element elementor-element-60dcdd0 elementor-section-full_width elementor-section-height-default elementor-section-height-default\" data-id=\"60dcdd0\" data-element_type=\"section\">\n\t\t\t\t\t\t<div class=\"elementor-container elementor-column-gap-default\">\n\t\t\t\t\t<div class=\"elementor-column elementor-col-100 elementor-top-column elementor-element elementor-element-3564532\" data-id=\"3564532\" data-element_type=\"column\">\n\t\t\t<div class=\"elementor-widget-wrap elementor-element-populated\">\n\t\t\t\t\t\t<div class=\"elementor-element elementor-element-4c71ddbc elementor-widget__width-inherit elementor-widget elementor-widget-text-editor\" data-id=\"4c71ddbc\" data-element_type=\"widget\" data-widget_type=\"text-editor.default\">\n\t\t\t\t<div class=\"elementor-widget-container\">\n\t\t\t\t\t\t\t\t\t<div class=\"message__80c10 cozyMessage__64ce7 wrapper__09ecc cozy_f5c119 zalgo__39311\" tabindex=\"-1\" role=\"article\" data-list-item-id=\"chat-messages___chat-messages-1138131783137898507-1167184556688953385\" aria-setsize=\"-1\" aria-roledescription=\"Message\" aria-labelledby=\"message-username-1167183693840928828 uid_1 message-content-1167184556688953385 uid_2 message-timestamp-1167184556688953385\"><div class=\"contents_f41bb2\"><div id=\"message-content-1167184556688953385\" class=\"markup_a7e664 messageContent__21e69\">Thalasso Th\u00e9rapeutique Bain B\u00e9b\u00e9 est destin\u00e9 aux nouveaux-n\u00e9s pour faciliter leur transition vers le monde ext\u00e9rieur en douceur. Ce soin vise \u00e0 reproduire les sensations du milieu intra-ut\u00e9rin, en utilisant des techniques de relaxation et de bercement pour cr\u00e9er une atmosph\u00e8re apaisante et rassurante, offrant ainsi \u00e0 l&rsquo;enfant un sentiment de s\u00e9curit\u00e9 et de confort, tout en lui permettant de d\u00e9charger les \u00e9motions potentiellement v\u00e9cues pendant l\u2019accouchement.<\/div><div>\u00a0<\/div><div class=\"markup_a7e664 messageContent__21e69\">Chaque naissance est unique, tout comme chaque b\u00e9b\u00e9 et chaque famille qui ont leur propre histoire et exp\u00e9rience. L&rsquo;accompagnement du nouveau-n\u00e9 dans ce type de soin est donc personnalis\u00e9 en fonction de ses besoins sp\u00e9cifiques.<\/div><div>\u00a0<\/div><div class=\"markup_a7e664 messageContent__21e69\">C\u2019est un soin de transition visant \u00e0 accompagner le nouveau-n\u00e9 dans son adaptation au monde ext\u00e9rieur de mani\u00e8re douce et r\u00e9confortante. Le bain est une exp\u00e9rience douce et apaisante, mais il peut aussi \u00eatre parfois difficile et susciter des \u00e9motions diverses chez le nourrisson. Comme chaque b\u00e9b\u00e9 est unique, chaque bain peut \u00eatre diff\u00e9rent. Certains b\u00e9b\u00e9s peuvent se montrer sereins, d\u00e9tendus et m\u00eame s&rsquo;endormir paisiblement dans l&rsquo;eau chaude, tandis que d&rsquo;autres peuvent \u00eatre plus \u00e9veill\u00e9s, curieux et r\u00e9actifs aux nouvelles sensations qu&rsquo;ils ressentent dans l\u2019eau. Les pleurs et les mouvements agit\u00e9s pendant le bain sont des moyens pour le b\u00e9b\u00e9 de communiquer son ressenti ou de rel\u00e2cher les tensions accumul\u00e9es.<\/div><\/div><\/div>\t\t\t\t\t\t\t\t<\/div>\n\t\t\t\t<\/div>\n\t\t\t\t<div class=\"elementor-element elementor-element-5eb7c6da elementor-widget elementor-widget-heading\" data-id=\"5eb7c6da\" data-element_type=\"widget\" data-widget_type=\"heading.default\">\n\t\t\t\t<div class=\"elementor-widget-container\">\n\t\t\t\t\t<p class=\"elementor-heading-title elementor-size-default\">Dur\u00e9e : 1h30min - 2h<\/p>\t\t\t\t<\/div>\n\t\t\t\t<\/div>\n\t\t\t\t<div class=\"elementor-element elementor-element-7c384392 elementor-widget elementor-widget-heading\" data-id=\"7c384392\" data-element_type=\"widget\" data-widget_type=\"heading.default\">\n\t\t\t\t<div class=\"elementor-widget-container\">\n\t\t\t\t\t<p class=\"elementor-heading-title elementor-size-default\">Tarif : 90\u20ac<\/p>\t\t\t\t<\/div>\n\t\t\t\t<\/div>\n\t\t\t\t\t<\/div>\n\t\t<\/div>\n\t\t\t\t\t<\/div>\n\t\t<\/section>\n\t\t\t\t<section class=\"elementor-section elementor-top-section elementor-element elementor-element-3c99d21 elementor-section-boxed elementor-section-height-default elementor-section-height-default\" data-id=\"3c99d21\" data-element_type=\"section\">\n\t\t\t\t\t\t<div class=\"elementor-container elementor-column-gap-default\">\n\t\t\t\t\t<div class=\"elementor-column elementor-col-100 elementor-top-column elementor-element elementor-element-f0ebbd7\" data-id=\"f0ebbd7\" data-element_type=\"column\">\n\t\t\t<div class=\"elementor-widget-wrap elementor-element-populated\">\n\t\t\t\t\t\t<div class=\"elementor-element elementor-element-fb207e6 elementor-align-center elementor-widget__width-inherit elementor-widget elementor-widget-button\" data-id=\"fb207e6\" data-element_type=\"widget\" data-widget_type=\"button.default\">\n\t\t\t\t<div class=\"elementor-widget-container\">\n\t\t\t\t\t\t\t\t\t<div class=\"elementor-button-wrapper\">\n\t\t\t\t\t<a class=\"elementor-button elementor-button-link elementor-size-md\" href=\"https:\/\/nascentia.eu\/index.php\/contact-2\/\">\n\t\t\t\t\t\t<span class=\"elementor-button-content-wrapper\">\n\t\t\t\t\t\t\t\t\t<span class=\"elementor-button-text\">R\u00e9server<\/span>\n\t\t\t\t\t<\/span>\n\t\t\t\t\t<\/a>\n\t\t\t\t<\/div>\n\t\t\t\t\t\t\t\t<\/div>\n\t\t\t\t<\/div>\n\t\t\t\t\t<\/div>\n\t\t<\/div>\n\t\t\t\t\t<\/div>\n\t\t<\/section>\n\t\t\t\t<section class=\"elementor-section elementor-top-section elementor-element elementor-element-71f0388 elementor-section-boxed elementor-section-height-default elementor-section-height-default\" data-id=\"71f0388\" data-element_type=\"section\" data-settings=\"{&quot;background_background&quot;:&quot;classic&quot;}\">\n\t\t\t\t\t\t<div class=\"elementor-container elementor-column-gap-no\">\n\t\t\t\t\t<div class=\"elementor-column elementor-col-100 elementor-top-column elementor-element elementor-element-dfd627a\" data-id=\"dfd627a\" data-element_type=\"column\" data-settings=\"{&quot;background_background&quot;:&quot;classic&quot;}\">\n\t\t\t<div class=\"elementor-widget-wrap elementor-element-populated\">\n\t\t\t\t\t\t<div class=\"elementor-element elementor-element-8a47db9 elementor-widget elementor-widget-heading\" data-id=\"8a47db9\" data-element_type=\"widget\" data-widget_type=\"heading.default\">\n\t\t\t\t<div class=\"elementor-widget-container\">\n\t\t\t\t\t<h2 class=\"elementor-heading-title elementor-size-default\">Prendre note...<\/h2>\t\t\t\t<\/div>\n\t\t\t\t<\/div>\n\t\t\t\t<div class=\"elementor-element elementor-element-9e4ef6f elementor-widget__width-inherit elementor-widget elementor-widget-text-editor\" data-id=\"9e4ef6f\" data-element_type=\"widget\" data-widget_type=\"text-editor.default\">\n\t\t\t\t<div class=\"elementor-widget-container\">\n\t\t\t\t\t\t\t\t\t<div class=\"message__80c10 cozyMessage__64ce7 wrapper__09ecc cozy_f5c119 zalgo__39311\" tabindex=\"-1\" role=\"article\" data-list-item-id=\"chat-messages___chat-messages-1138131783137898507-1167184556688953385\" aria-setsize=\"-1\" aria-roledescription=\"Message\" aria-labelledby=\"message-username-1167183693840928828 uid_1 message-content-1167184556688953385 uid_2 message-timestamp-1167184556688953385\"><div class=\"contents_f41bb2\"><p><span style=\"font-size: 15px;\">\u00a0La Thalasso Bain B\u00e9b\u00e9 se r\u00e9alise id\u00e9alement dans le premier mois de vie de b\u00e9b\u00e9. En cas de pr\u00e9maturit\u00e9, cela peut aller au-del\u00e0, pas h\u00e9siter \u00e0 me contacter. N\u2019h\u00e9sitez pas \u00e0 prendre rendez-vous avant la naissance de votre enfant.<\/span><\/p><\/div><\/div>\t\t\t\t\t\t\t\t<\/div>\n\t\t\t\t<\/div>\n\t\t\t\t<div class=\"elementor-element elementor-element-c84bf66 elementor-widget__width-inherit elementor-widget elementor-widget-text-editor\" data-id=\"c84bf66\" data-element_type=\"widget\" data-widget_type=\"text-editor.default\">\n\t\t\t\t<div class=\"elementor-widget-container\">\n\t\t\t\t\t\t\t\t\t<div class=\"message__80c10 cozyMessage__64ce7 wrapper__09ecc cozy_f5c119 zalgo__39311\" tabindex=\"-1\" role=\"article\" data-list-item-id=\"chat-messages___chat-messages-1138131783137898507-1167184556688953385\" aria-setsize=\"-1\" aria-roledescription=\"Message\" aria-labelledby=\"message-username-1167183693840928828 uid_1 message-content-1167184556688953385 uid_2 message-timestamp-1167184556688953385\"><div class=\"contents_f41bb2\"><div><span style=\"font-size: 15px;\">Cette prestation ce fait \u00e0 votre domicile. Je dispose de tout le mat\u00e9riel n\u00e9cessaire lors de mon arriv\u00e9e.<\/span><\/div><\/div><\/div>\t\t\t\t\t\t\t\t<\/div>\n\t\t\t\t<\/div>\n\t\t\t\t<div class=\"elementor-element elementor-element-19132de elementor-widget__width-inherit elementor-widget elementor-widget-text-editor\" data-id=\"19132de\" data-element_type=\"widget\" data-widget_type=\"text-editor.default\">\n\t\t\t\t<div class=\"elementor-widget-container\">\n\t\t\t\t\t\t\t\t\t<div class=\"message__80c10 cozyMessage__64ce7 wrapper__09ecc cozy_f5c119 zalgo__39311\" tabindex=\"-1\" role=\"article\" data-list-item-id=\"chat-messages___chat-messages-1138131783137898507-1167184556688953385\" aria-setsize=\"-1\" aria-roledescription=\"Message\" aria-labelledby=\"message-username-1167183693840928828 uid_1 message-content-1167184556688953385 uid_2 message-timestamp-1167184556688953385\"><div class=\"contents_f41bb2\"><div><span style=\"font-size: 15px;\">Ce bain est d\u2019autant plus conseill\u00e9 dans les cas suivants pour que le bain th\u00e9rapeutique prenne tout son sens.<\/span><\/div><\/div><\/div>\t\t\t\t\t\t\t\t<\/div>\n\t\t\t\t<\/div>\n\t\t\t\t<div class=\"elementor-element elementor-element-b6fa5ec elementor-widget__width-inherit elementor-widget elementor-widget-text-editor\" data-id=\"b6fa5ec\" data-element_type=\"widget\" data-widget_type=\"text-editor.default\">\n\t\t\t\t<div class=\"elementor-widget-container\">\n\t\t\t\t\t\t\t\t\t<div class=\"message__80c10 cozyMessage__64ce7 wrapper__09ecc cozy_f5c119 zalgo__39311\" tabindex=\"-1\" role=\"article\" data-list-item-id=\"chat-messages___chat-messages-1138131783137898507-1167184556688953385\" aria-setsize=\"-1\" aria-roledescription=\"Message\" aria-labelledby=\"message-username-1167183693840928828 uid_1 message-content-1167184556688953385 uid_2 message-timestamp-1167184556688953385\"><div class=\"contents_f41bb2\"><div><ul><li><span style=\"font-size: 15px;\">Accouchement difficile, parfois traumatique<\/span><\/li><li><span style=\"font-size: 15px;\">C\u00e9sarienne en urgence ou programm\u00e9<\/span><\/li><li><span style=\"font-size: 15px;\">Pr\u00e9maturit\u00e9<\/span><\/li><li><span style=\"font-size: 15px;\">Jumeaux<\/span><\/li><li><span style=\"font-size: 15px;\">R\u00e9animation n\u00e9onatale<\/span><\/li><li><span style=\"font-size: 15px;\">Utilisation d\u2019instruments tels que ventouse, forceps, spatules..<\/span><\/li><li><span style=\"font-size: 15px;\">Hospitalisation en n\u00e9onatalogie<\/span><\/li><li><span style=\"font-size: 15px;\">S\u00e9paration maman\/b\u00e9b\u00e9<\/span><\/li><li><span style=\"font-size: 15px;\">Parcours PMA<\/span><\/li><li><span style=\"font-size: 15px;\">D\u00e9ni de grossesse<\/span><\/li><\/ul><\/div><\/div><\/div>\t\t\t\t\t\t\t\t<\/div>\n\t\t\t\t<\/div>\n\t\t\t\t\t<\/div>\n\t\t<\/div>\n\t\t\t\t\t<\/div>\n\t\t<\/section>\n\t\t\t\t<section class=\"elementor-section elementor-top-section elementor-element elementor-element-a395dfc elementor-section-boxed elementor-section-height-default elementor-section-height-default\" data-id=\"a395dfc\" data-element_type=\"section\">\n\t\t\t\t\t\t<div class=\"elementor-container elementor-column-gap-default\">\n\t\t\t\t\t<div class=\"elementor-column elementor-col-100 elementor-top-column elementor-element elementor-element-9733a79\" data-id=\"9733a79\" data-element_type=\"column\">\n\t\t\t<div class=\"elementor-widget-wrap elementor-element-populated\">\n\t\t\t\t\t\t<div class=\"elementor-element elementor-element-ad87d13 elementor-widget elementor-widget-spacer\" data-id=\"ad87d13\" data-element_type=\"widget\" data-widget_type=\"spacer.default\">\n\t\t\t\t<div class=\"elementor-widget-container\">\n\t\t\t\t\t\t\t<div class=\"elementor-spacer\">\n\t\t\t<div class=\"elementor-spacer-inner\"><\/div>\n\t\t<\/div>\n\t\t\t\t\t\t<\/div>\n\t\t\t\t<\/div>\n\t\t\t\t\t<\/div>\n\t\t<\/div>\n\t\t\t\t\t<\/div>\n\t\t<\/section>\n\t\t\t\t<\/div>\n\t\t","protected":false},"excerpt":{"rendered":"<p>Thalasso Th\u00e9rapeutique Bain B\u00e9b\u00e9 Thalasso Th\u00e9rapeutique Bain B\u00e9b\u00e9 est destin\u00e9 aux nouveaux-n\u00e9s pour faciliter leur transition vers le monde ext\u00e9rieur en douceur. Ce soin vise \u00e0 reproduire les sensations du milieu intra-ut\u00e9rin, en utilisant des techniques de relaxation et de bercement pour cr\u00e9er une atmosph\u00e8re apaisante et rassurante, offrant ainsi \u00e0 l&rsquo;enfant un sentiment de [&hellip;]<\/p>\n","protected":false},"author":1,"featured_media":0,"parent":0,"menu_order":0,"comment_status":"closed","ping_status":"closed","template":"elementor_header_footer","meta":{"footnotes":""},"class_list":["post-1317","page","type-page","status-publish","hentry"],"_links":{"self":[{"href":"https:\/\/nascentia.eu\/index.php\/wp-json\/wp\/v2\/pages\/1317","targetHints":{"allow":["GET"]}}],"collection":[{"href":"https:\/\/nascentia.eu\/index.php\/wp-json\/wp\/v2\/pages"}],"about":[{"href":"https:\/\/nascentia.eu\/index.php\/wp-json\/wp\/v2\/types\/page"}],"author":[{"embeddable":true,"href":"https:\/\/nascentia.eu\/index.php\/wp-json\/wp\/v2\/users\/1"}],"replies":[{"embeddable":true,"href":"https:\/\/nascentia.eu\/index.php\/wp-json\/wp\/v2\/comments?post=1317"}],"version-history":[{"count":189,"href":"https:\/\/nascentia.eu\/index.php\/wp-json\/wp\/v2\/pages\/1317\/revisions"}],"predecessor-version":[{"id":2972,"href":"https:\/\/nascentia.eu\/index.php\/wp-json\/wp\/v2\/pages\/1317\/revisions\/2972"}],"wp:attachment":[{"href":"https:\/\/nascentia.eu\/index.php\/wp-json\/wp\/v2\/media?parent=1317"}],"curies":[{"name":"wp","href":"https:\/\/api.w.org\/{rel}","templated":true}]}}