{"id":1334,"date":"2023-10-24T21:06:41","date_gmt":"2023-10-24T19:06:41","guid":{"rendered":"https:\/\/nascentia.eu\/?page_id=1334"},"modified":"2023-12-06T20:32:53","modified_gmt":"2023-12-06T19:32:53","slug":"initiation-portage","status":"publish","type":"page","link":"https:\/\/nascentia.eu\/index.php\/initiation-portage\/","title":{"rendered":"Initiation Portage"},"content":{"rendered":"\t\t<div data-elementor-type=\"wp-page\" data-elementor-id=\"1334\" class=\"elementor elementor-1334\">\n\t\t\t\t\t\t<section class=\"elementor-section elementor-top-section elementor-element elementor-element-6a51580 elementor-section-boxed elementor-section-height-default elementor-section-height-default\" data-id=\"6a51580\" data-element_type=\"section\">\n\t\t\t\t\t\t<div class=\"elementor-container elementor-column-gap-default\">\n\t\t\t\t\t<div class=\"elementor-column elementor-col-100 elementor-top-column elementor-element elementor-element-967a21b\" data-id=\"967a21b\" data-element_type=\"column\">\n\t\t\t<div class=\"elementor-widget-wrap elementor-element-populated\">\n\t\t\t\t\t\t<div class=\"elementor-element elementor-element-a1571eb elementor-widget__width-inherit elementor-widget elementor-widget-heading\" data-id=\"a1571eb\" data-element_type=\"widget\" data-widget_type=\"heading.default\">\n\t\t\t\t<div class=\"elementor-widget-container\">\n\t\t\t\t\t<h2 class=\"elementor-heading-title elementor-size-default\"><span style=\"font-family: Aleo, sans-serif;font-size: 2rem;text-align: center\">Initiation Portage<\/span><\/h2>\t\t\t\t<\/div>\n\t\t\t\t<\/div>\n\t\t\t\t\t<\/div>\n\t\t<\/div>\n\t\t\t\t\t<\/div>\n\t\t<\/section>\n\t\t\t\t<section class=\"elementor-section elementor-top-section elementor-element elementor-element-5286c66 elementor-section-boxed elementor-section-height-default elementor-section-height-default\" data-id=\"5286c66\" data-element_type=\"section\">\n\t\t\t\t\t\t<div class=\"elementor-container elementor-column-gap-default\">\n\t\t\t\t\t<div class=\"elementor-column elementor-col-50 elementor-top-column elementor-element elementor-element-484f2d4\" data-id=\"484f2d4\" data-element_type=\"column\">\n\t\t\t<div class=\"elementor-widget-wrap elementor-element-populated\">\n\t\t\t\t\t\t<div class=\"elementor-element elementor-element-eb326ce elementor-widget elementor-widget-image\" data-id=\"eb326ce\" data-element_type=\"widget\" data-widget_type=\"image.default\">\n\t\t\t\t<div class=\"elementor-widget-container\">\n\t\t\t\t\t\t\t\t\t\t\t\t\t\t\t<img fetchpriority=\"high\" decoding=\"async\" width=\"890\" height=\"1240\" src=\"https:\/\/nascentia.eu\/wp-content\/uploads\/2023\/10\/Capture_decran_2023-10-25_a_20.24.19.png\" class=\"attachment-full size-full wp-image-1516\" alt=\"\" srcset=\"https:\/\/nascentia.eu\/wp-content\/uploads\/2023\/10\/Capture_decran_2023-10-25_a_20.24.19.png 890w, https:\/\/nascentia.eu\/wp-content\/uploads\/2023\/10\/Capture_decran_2023-10-25_a_20.24.19-215x300.png 215w, https:\/\/nascentia.eu\/wp-content\/uploads\/2023\/10\/Capture_decran_2023-10-25_a_20.24.19-735x1024.png 735w, https:\/\/nascentia.eu\/wp-content\/uploads\/2023\/10\/Capture_decran_2023-10-25_a_20.24.19-768x1070.png 768w\" sizes=\"(max-width: 890px) 100vw, 890px\" \/>\t\t\t\t\t\t\t\t\t\t\t\t\t\t\t<\/div>\n\t\t\t\t<\/div>\n\t\t\t\t\t<\/div>\n\t\t<\/div>\n\t\t\t\t<div class=\"elementor-column elementor-col-50 elementor-top-column elementor-element elementor-element-2fe6db18\" data-id=\"2fe6db18\" data-element_type=\"column\">\n\t\t\t<div class=\"elementor-widget-wrap elementor-element-populated\">\n\t\t\t\t\t\t<div class=\"elementor-element elementor-element-159a3b56 elementor-widget__width-auto elementor-widget elementor-widget-text-editor\" data-id=\"159a3b56\" data-element_type=\"widget\" data-widget_type=\"text-editor.default\">\n\t\t\t\t<div class=\"elementor-widget-container\">\n\t\t\t\t\t\t\t\t\t<p>\u00a0Le portage peut \u00eatre extr\u00eamement b\u00e9n\u00e9fique pour le d\u00e9veloppement et le bien-\u00eatre du b\u00e9b\u00e9 ainsi que pour le lien entre le parent et l\u2019enfant.<\/p><p>Gr\u00e2ce \u00e0 cette initiation au portage, je vous apprendrais \u00e0 porter votre b\u00e9b\u00e9 en toute s\u00e9curit\u00e9, les diverses positions possible, les bienfaits du portage, mais \u00e9galement diff\u00e9rents moyens de portage (swing, l\u2019\u00e9charpe tiss\u00e9, extensible\u2026) Le portage aide au bon d\u00e9veloppement physique de l\u2019enfant, mais \u00e9galement r\u00e9duit, apaiser et r\u00e9conforte les pleurs, et l\u2019agitation de ces b\u00e9b\u00e9s. Cela permet de faciliter la digestion et d\u2019aider au d\u00e9veloppement socio\u00e9motionnel, r\u00e9conforter le b\u00e9b\u00e9, stimule le d\u00e9veloppement cognitif, et de plus il favorise le sommeil de l\u2019enfant.<\/p>\t\t\t\t\t\t\t\t<\/div>\n\t\t\t\t<\/div>\n\t\t\t\t<div class=\"elementor-element elementor-element-67cc98e5 elementor-widget elementor-widget-heading\" data-id=\"67cc98e5\" data-element_type=\"widget\" data-widget_type=\"heading.default\">\n\t\t\t\t<div class=\"elementor-widget-container\">\n\t\t\t\t\t<p class=\"elementor-heading-title elementor-size-default\">Dur\u00e9e : 1h30min-2h<\/p>\t\t\t\t<\/div>\n\t\t\t\t<\/div>\n\t\t\t\t<div class=\"elementor-element elementor-element-4101c4c2 elementor-widget elementor-widget-heading\" data-id=\"4101c4c2\" data-element_type=\"widget\" data-widget_type=\"heading.default\">\n\t\t\t\t<div class=\"elementor-widget-container\">\n\t\t\t\t\t<p class=\"elementor-heading-title elementor-size-default\">Tarif : 70\u20ac<\/p>\t\t\t\t<\/div>\n\t\t\t\t<\/div>\n\t\t\t\t<div class=\"elementor-element elementor-element-a462184 elementor-align-center elementor-widget__width-inherit elementor-widget elementor-widget-button\" data-id=\"a462184\" data-element_type=\"widget\" data-widget_type=\"button.default\">\n\t\t\t\t<div class=\"elementor-widget-container\">\n\t\t\t\t\t\t\t\t\t<div class=\"elementor-button-wrapper\">\n\t\t\t\t\t<a class=\"elementor-button elementor-button-link elementor-size-md\" href=\"https:\/\/nascentia.eu\/index.php\/contact-2\/\">\n\t\t\t\t\t\t<span class=\"elementor-button-content-wrapper\">\n\t\t\t\t\t\t\t\t\t<span class=\"elementor-button-text\">R\u00e9server<\/span>\n\t\t\t\t\t<\/span>\n\t\t\t\t\t<\/a>\n\t\t\t\t<\/div>\n\t\t\t\t\t\t\t\t<\/div>\n\t\t\t\t<\/div>\n\t\t\t\t\t<\/div>\n\t\t<\/div>\n\t\t\t\t\t<\/div>\n\t\t<\/section>\n\t\t\t\t<section class=\"elementor-section elementor-top-section elementor-element elementor-element-03edeaa elementor-section-boxed elementor-section-height-default elementor-section-height-default\" data-id=\"03edeaa\" data-element_type=\"section\">\n\t\t\t\t\t\t<div class=\"elementor-container elementor-column-gap-default\">\n\t\t\t\t\t<div class=\"elementor-column elementor-col-100 elementor-top-column elementor-element elementor-element-924249f\" data-id=\"924249f\" data-element_type=\"column\">\n\t\t\t<div class=\"elementor-widget-wrap elementor-element-populated\">\n\t\t\t\t\t\t<div class=\"elementor-element elementor-element-884fb24 elementor-widget elementor-widget-spacer\" data-id=\"884fb24\" data-element_type=\"widget\" data-widget_type=\"spacer.default\">\n\t\t\t\t<div class=\"elementor-widget-container\">\n\t\t\t\t\t\t\t<div class=\"elementor-spacer\">\n\t\t\t<div class=\"elementor-spacer-inner\"><\/div>\n\t\t<\/div>\n\t\t\t\t\t\t<\/div>\n\t\t\t\t<\/div>\n\t\t\t\t\t<\/div>\n\t\t<\/div>\n\t\t\t\t\t<\/div>\n\t\t<\/section>\n\t\t\t\t<\/div>\n\t\t","protected":false},"excerpt":{"rendered":"<p>Initiation Portage \u00a0Le portage peut \u00eatre extr\u00eamement b\u00e9n\u00e9fique pour le d\u00e9veloppement et le bien-\u00eatre du b\u00e9b\u00e9 ainsi que pour le lien entre le parent et l\u2019enfant. Gr\u00e2ce \u00e0 cette initiation au portage, je vous apprendrais \u00e0 porter votre b\u00e9b\u00e9 en toute s\u00e9curit\u00e9, les diverses positions possible, les bienfaits du portage, mais \u00e9galement diff\u00e9rents moyens de [&hellip;]<\/p>\n","protected":false},"author":1,"featured_media":0,"parent":0,"menu_order":0,"comment_status":"closed","ping_status":"closed","template":"elementor_header_footer","meta":{"footnotes":""},"class_list":["post-1334","page","type-page","status-publish","hentry"],"_links":{"self":[{"href":"https:\/\/nascentia.eu\/index.php\/wp-json\/wp\/v2\/pages\/1334","targetHints":{"allow":["GET"]}}],"collection":[{"href":"https:\/\/nascentia.eu\/index.php\/wp-json\/wp\/v2\/pages"}],"about":[{"href":"https:\/\/nascentia.eu\/index.php\/wp-json\/wp\/v2\/types\/page"}],"author":[{"embeddable":true,"href":"https:\/\/nascentia.eu\/index.php\/wp-json\/wp\/v2\/users\/1"}],"replies":[{"embeddable":true,"href":"https:\/\/nascentia.eu\/index.php\/wp-json\/wp\/v2\/comments?post=1334"}],"version-history":[{"count":101,"href":"https:\/\/nascentia.eu\/index.php\/wp-json\/wp\/v2\/pages\/1334\/revisions"}],"predecessor-version":[{"id":2297,"href":"https:\/\/nascentia.eu\/index.php\/wp-json\/wp\/v2\/pages\/1334\/revisions\/2297"}],"wp:attachment":[{"href":"https:\/\/nascentia.eu\/index.php\/wp-json\/wp\/v2\/media?parent=1334"}],"curies":[{"name":"wp","href":"https:\/\/api.w.org\/{rel}","templated":true}]}}