{"id":2307,"date":"2023-12-06T20:39:50","date_gmt":"2023-12-06T19:39:50","guid":{"rendered":"https:\/\/nascentia.eu\/?page_id=2307"},"modified":"2024-01-18T22:58:23","modified_gmt":"2024-01-18T21:58:23","slug":"reflexologie-bebe-emotionnelle","status":"publish","type":"page","link":"https:\/\/nascentia.eu\/index.php\/reflexologie-bebe-emotionnelle\/","title":{"rendered":"R\u00e9flexologie B\u00e9b\u00e9 \u00c9motionnelle"},"content":{"rendered":"\t\t<div data-elementor-type=\"wp-page\" data-elementor-id=\"2307\" class=\"elementor elementor-2307\">\n\t\t\t\t\t\t<section class=\"elementor-section elementor-top-section elementor-element elementor-element-7decb9fa elementor-section-boxed elementor-section-height-default elementor-section-height-default\" data-id=\"7decb9fa\" data-element_type=\"section\">\n\t\t\t\t\t\t<div class=\"elementor-container elementor-column-gap-default\">\n\t\t\t\t\t<div class=\"elementor-column elementor-col-100 elementor-top-column elementor-element elementor-element-795de87a\" data-id=\"795de87a\" data-element_type=\"column\">\n\t\t\t<div class=\"elementor-widget-wrap elementor-element-populated\">\n\t\t\t\t\t\t<div class=\"elementor-element elementor-element-16befb9 elementor-widget__width-inherit elementor-widget elementor-widget-heading\" data-id=\"16befb9\" data-element_type=\"widget\" data-widget_type=\"heading.default\">\n\t\t\t\t<div class=\"elementor-widget-container\">\n\t\t\t\t\t<h2 class=\"elementor-heading-title elementor-size-default\">R\u00e9flexologie B\u00e9b\u00e9 \u00c9motionnelle<\/h2>\t\t\t\t<\/div>\n\t\t\t\t<\/div>\n\t\t\t\t\t<\/div>\n\t\t<\/div>\n\t\t\t\t\t<\/div>\n\t\t<\/section>\n\t\t\t\t<section class=\"elementor-section elementor-top-section elementor-element elementor-element-5a74f2ad elementor-section-boxed elementor-section-height-default elementor-section-height-default\" data-id=\"5a74f2ad\" data-element_type=\"section\">\n\t\t\t\t\t\t<div class=\"elementor-container elementor-column-gap-extended\">\n\t\t\t\t\t<div class=\"elementor-column elementor-col-50 elementor-top-column elementor-element elementor-element-7f2a77ae\" data-id=\"7f2a77ae\" data-element_type=\"column\">\n\t\t\t<div class=\"elementor-widget-wrap elementor-element-populated\">\n\t\t\t\t\t\t<div class=\"elementor-element elementor-element-43198f2 elementor-widget elementor-widget-image\" data-id=\"43198f2\" data-element_type=\"widget\" data-widget_type=\"image.default\">\n\t\t\t\t<div class=\"elementor-widget-container\">\n\t\t\t\t\t\t\t\t\t\t\t\t\t\t\t<img fetchpriority=\"high\" decoding=\"async\" width=\"415\" height=\"612\" src=\"https:\/\/nascentia.eu\/wp-content\/uploads\/2023\/12\/istockphoto-1458399363-612x612-1.jpeg\" class=\"attachment-full size-full wp-image-2309\" alt=\"\" srcset=\"https:\/\/nascentia.eu\/wp-content\/uploads\/2023\/12\/istockphoto-1458399363-612x612-1.jpeg 415w, https:\/\/nascentia.eu\/wp-content\/uploads\/2023\/12\/istockphoto-1458399363-612x612-1-203x300.jpeg 203w\" sizes=\"(max-width: 415px) 100vw, 415px\" \/>\t\t\t\t\t\t\t\t\t\t\t\t\t\t\t<\/div>\n\t\t\t\t<\/div>\n\t\t\t\t\t<\/div>\n\t\t<\/div>\n\t\t\t\t<div class=\"elementor-column elementor-col-50 elementor-top-column elementor-element elementor-element-29d065b4\" data-id=\"29d065b4\" data-element_type=\"column\">\n\t\t\t<div class=\"elementor-widget-wrap elementor-element-populated\">\n\t\t\t\t\t\t<div class=\"elementor-element elementor-element-417f94e5 elementor-widget__width-initial elementor-widget elementor-widget-text-editor\" data-id=\"417f94e5\" data-element_type=\"widget\" data-widget_type=\"text-editor.default\">\n\t\t\t\t<div class=\"elementor-widget-container\">\n\t\t\t\t\t\t\t\t\t<p>Imaginez pouvoir soulager les douleurs et les \u00e9motions de votre enfant en activant certains points r\u00e9flexes sur ses pieds. C&rsquo;est pr\u00e9cis\u00e9ment ce que propose l&rsquo;atelier de r\u00e9flexologie \u00e9motionnelle pour b\u00e9b\u00e9s, offrant un v\u00e9ritable soulagement tant pour vous que pour votre enfant. Les pieds, une miniature de notre cartographie corporelle, renferment une incroyable densit\u00e9 de terminaisons nerveuses, soit 7200 pour \u00eatre pr\u00e9cis. Cette richesse sensorielle est fascinante, le toucher \u00e0 le pouvoir de lib\u00e9rer des tensions.<\/p><p>La r\u00e9flexologie \u00e9motionnelle pour b\u00e9b\u00e9s va au-del\u00e0 du soulagement des maux physiques en agissant sur les \u00e9motions li\u00e9es aux diff\u00e9rentes \u00e9tapes de leur d\u00e9veloppement psychique. Elle r\u00e9\u00e9quilibre ces \u00e9motions et aide \u00e0 les exprimer verbalement, surtout lorsque l&rsquo;une d&rsquo;elles domine.<\/p><p>Nous savons tous que les b\u00e9b\u00e9s absorbent les \u00e9motions de leur environnement. En remontant aux d\u00e9buts de la vie, on peut mieux comprendre ce lien si sp\u00e9cial qui unit parents et enfants.<\/p><p>D\u00e8s le d\u00e9but de votre grossesse, le toucher devient le premier sens \u00e0 se d\u00e9velopper. Pendant cette p\u00e9riode in utero, votre b\u00e9b\u00e9 vit v\u00e9ritablement en symbiose avec vous, ressentant vos angoisses et vos pens\u00e9es. Parfois, il en vient \u00e0 les int\u00e9grer inconsciemment, ce qui peut donner lieu \u00e0 diverses \u00e9motions lors de sa croissance.<\/p><p>Gr\u00e2ce \u00e0 la r\u00e9flexologie \u00e9motionnelle pour b\u00e9b\u00e9s et \u00e0 la verbalisation qui l&rsquo;accompagne, nous pouvons lib\u00e9rer ces tensions et montrer \u00e0 votre enfant qu&rsquo;il peut se d\u00e9faire des \u00e9motions qui ne lui appartiennent pas.<\/p>\t\t\t\t\t\t\t\t<\/div>\n\t\t\t\t<\/div>\n\t\t\t\t\t<\/div>\n\t\t<\/div>\n\t\t\t\t\t<\/div>\n\t\t<\/section>\n\t\t\t\t<section class=\"elementor-section elementor-top-section elementor-element elementor-element-65758a5 elementor-section-boxed elementor-section-height-default elementor-section-height-default\" data-id=\"65758a5\" data-element_type=\"section\">\n\t\t\t\t\t\t<div class=\"elementor-container elementor-column-gap-default\">\n\t\t\t\t\t<div class=\"elementor-column elementor-col-100 elementor-top-column elementor-element elementor-element-644d53da\" data-id=\"644d53da\" data-element_type=\"column\">\n\t\t\t<div class=\"elementor-widget-wrap elementor-element-populated\">\n\t\t\t\t\t\t<div class=\"elementor-element elementor-element-5fc03510 elementor-widget elementor-widget-heading\" data-id=\"5fc03510\" data-element_type=\"widget\" data-widget_type=\"heading.default\">\n\t\t\t\t<div class=\"elementor-widget-container\">\n\t\t\t\t\t<p class=\"elementor-heading-title elementor-size-default\">Dur\u00e9e : 1h<\/p>\t\t\t\t<\/div>\n\t\t\t\t<\/div>\n\t\t\t\t<div class=\"elementor-element elementor-element-2529edbe elementor-widget elementor-widget-heading\" data-id=\"2529edbe\" data-element_type=\"widget\" data-widget_type=\"heading.default\">\n\t\t\t\t<div class=\"elementor-widget-container\">\n\t\t\t\t\t<p class=\"elementor-heading-title elementor-size-default\">Tarif : 60\u20ac<\/p>\t\t\t\t<\/div>\n\t\t\t\t<\/div>\n\t\t\t\t\t<\/div>\n\t\t<\/div>\n\t\t\t\t\t<\/div>\n\t\t<\/section>\n\t\t\t\t<section class=\"elementor-section elementor-top-section elementor-element elementor-element-167256c elementor-section-boxed elementor-section-height-default elementor-section-height-default\" data-id=\"167256c\" data-element_type=\"section\">\n\t\t\t\t\t\t<div class=\"elementor-container elementor-column-gap-default\">\n\t\t\t\t\t<div class=\"elementor-column elementor-col-100 elementor-top-column elementor-element elementor-element-adfb462\" data-id=\"adfb462\" data-element_type=\"column\">\n\t\t\t<div class=\"elementor-widget-wrap elementor-element-populated\">\n\t\t\t\t\t\t<div class=\"elementor-element elementor-element-3333f21 elementor-align-center elementor-widget__width-inherit elementor-widget elementor-widget-button\" data-id=\"3333f21\" data-element_type=\"widget\" data-widget_type=\"button.default\">\n\t\t\t\t<div class=\"elementor-widget-container\">\n\t\t\t\t\t\t\t\t\t<div class=\"elementor-button-wrapper\">\n\t\t\t\t\t<a class=\"elementor-button elementor-button-link elementor-size-md\" href=\"https:\/\/nascentia.eu\/index.php\/contact-2\/\">\n\t\t\t\t\t\t<span class=\"elementor-button-content-wrapper\">\n\t\t\t\t\t\t\t\t\t<span class=\"elementor-button-text\">R\u00e9server<\/span>\n\t\t\t\t\t<\/span>\n\t\t\t\t\t<\/a>\n\t\t\t\t<\/div>\n\t\t\t\t\t\t\t\t<\/div>\n\t\t\t\t<\/div>\n\t\t\t\t\t<\/div>\n\t\t<\/div>\n\t\t\t\t\t<\/div>\n\t\t<\/section>\n\t\t\t\t<section class=\"elementor-section elementor-top-section elementor-element elementor-element-11d16be elementor-section-boxed elementor-section-height-default elementor-section-height-default\" data-id=\"11d16be\" data-element_type=\"section\" data-settings=\"{&quot;background_background&quot;:&quot;classic&quot;}\">\n\t\t\t\t\t\t<div class=\"elementor-container elementor-column-gap-no\">\n\t\t\t\t\t<div class=\"elementor-column elementor-col-100 elementor-top-column elementor-element elementor-element-20511f8\" data-id=\"20511f8\" data-element_type=\"column\" data-settings=\"{&quot;background_background&quot;:&quot;classic&quot;}\">\n\t\t\t<div class=\"elementor-widget-wrap elementor-element-populated\">\n\t\t\t\t\t\t<div class=\"elementor-element elementor-element-1d6d105 elementor-widget elementor-widget-heading\" data-id=\"1d6d105\" data-element_type=\"widget\" data-widget_type=\"heading.default\">\n\t\t\t\t<div class=\"elementor-widget-container\">\n\t\t\t\t\t<h2 class=\"elementor-heading-title elementor-size-default\">Prendre note...<\/h2>\t\t\t\t<\/div>\n\t\t\t\t<\/div>\n\t\t\t\t<div class=\"elementor-element elementor-element-003e2a7 elementor-widget__width-inherit elementor-widget elementor-widget-text-editor\" data-id=\"003e2a7\" data-element_type=\"widget\" data-widget_type=\"text-editor.default\">\n\t\t\t\t<div class=\"elementor-widget-container\">\n\t\t\t\t\t\t\t\t\t<div class=\"message__80c10 cozyMessage__64ce7 wrapper__09ecc cozy_f5c119 zalgo__39311\" tabindex=\"-1\" role=\"article\" data-list-item-id=\"chat-messages___chat-messages-1138131783137898507-1167184556688953385\" aria-setsize=\"-1\" aria-roledescription=\"Message\" aria-labelledby=\"message-username-1167183693840928828 uid_1 message-content-1167184556688953385 uid_2 message-timestamp-1167184556688953385\"><div class=\"contents_f41bb2\"><p>L&rsquo;atelier de r\u00e9flexologie b\u00e9b\u00e9 \u00e9motionnelle\u00a0peut s&rsquo;effectuer d\u00e8s la naissance jusqu&rsquo;\u00e0 la pr\u00e9-adolescence (9\/10 ans).\u00a0<\/p><\/div><\/div>\t\t\t\t\t\t\t\t<\/div>\n\t\t\t\t<\/div>\n\t\t\t\t<div class=\"elementor-element elementor-element-5086949 elementor-widget__width-inherit elementor-widget elementor-widget-text-editor\" data-id=\"5086949\" data-element_type=\"widget\" data-widget_type=\"text-editor.default\">\n\t\t\t\t<div class=\"elementor-widget-container\">\n\t\t\t\t\t\t\t\t\t<div class=\"message__80c10 cozyMessage__64ce7 wrapper__09ecc cozy_f5c119 zalgo__39311\" tabindex=\"-1\" role=\"article\" data-list-item-id=\"chat-messages___chat-messages-1138131783137898507-1167184556688953385\" aria-setsize=\"-1\" aria-roledescription=\"Message\" aria-labelledby=\"message-username-1167183693840928828 uid_1 message-content-1167184556688953385 uid_2 message-timestamp-1167184556688953385\"><div class=\"contents_f41bb2\">Voici une petite liste \u00e0 titre d&rsquo;exemple des th\u00e8mes sur lesquels nous pouvons travailler gr\u00e2ce \u00e0 la r\u00e9flexologie b\u00e9b\u00e9 \u00e9motionnelle :<\/div><\/div>\t\t\t\t\t\t\t\t<\/div>\n\t\t\t\t<\/div>\n\t\t\t\t<div class=\"elementor-element elementor-element-f44c6a8 elementor-widget__width-inherit elementor-widget elementor-widget-text-editor\" data-id=\"f44c6a8\" data-element_type=\"widget\" data-widget_type=\"text-editor.default\">\n\t\t\t\t<div class=\"elementor-widget-container\">\n\t\t\t\t\t\t\t\t\t<div class=\"message__80c10 cozyMessage__64ce7 wrapper__09ecc cozy_f5c119 zalgo__39311\" tabindex=\"-1\" role=\"article\" data-list-item-id=\"chat-messages___chat-messages-1138131783137898507-1167184556688953385\" aria-setsize=\"-1\" aria-roledescription=\"Message\" aria-labelledby=\"message-username-1167183693840928828 uid_1 message-content-1167184556688953385 uid_2 message-timestamp-1167184556688953385\"><div class=\"contents_f41bb2\"><ul><li>les troubles digestifs (coliques, constipation)<\/li><li>les douleurs li\u00e9es \u00e0 la croissance (chute, d\u00e9but de l&rsquo;acquisition de la marche)<\/li><li>les \u00e9motions (col\u00e8re, peur, tristesse, angoisse, pleurs r\u00e9currents)<\/li><li>les affections ORL (conjonctivite,rhinite, otite..)<\/li><li>les affections bronchopulmonaires (bronchiolite,\u00a0asthme)<\/li><li>les douleurs de pouss\u00e9es dentaires<\/li><li>les d\u00e9fenses immunitaires<\/li><li>les troubles du sommeil<\/li><li>les reflux gastrique<\/li><\/ul><\/div><\/div>\t\t\t\t\t\t\t\t<\/div>\n\t\t\t\t<\/div>\n\t\t\t\t<div class=\"elementor-element elementor-element-9ec5255 elementor-widget__width-inherit elementor-widget elementor-widget-text-editor\" data-id=\"9ec5255\" data-element_type=\"widget\" data-widget_type=\"text-editor.default\">\n\t\t\t\t<div class=\"elementor-widget-container\">\n\t\t\t\t\t\t\t\t\t<div class=\"message__80c10 cozyMessage__64ce7 wrapper__09ecc cozy_f5c119 zalgo__39311\" tabindex=\"-1\" role=\"article\" data-list-item-id=\"chat-messages___chat-messages-1138131783137898507-1167184556688953385\" aria-setsize=\"-1\" aria-roledescription=\"Message\" aria-labelledby=\"message-username-1167183693840928828 uid_1 message-content-1167184556688953385 uid_2 message-timestamp-1167184556688953385\"><div class=\"contents_f41bb2\">Contre indication :<\/div><\/div>\t\t\t\t\t\t\t\t<\/div>\n\t\t\t\t<\/div>\n\t\t\t\t<div class=\"elementor-element elementor-element-e1f0756 elementor-widget__width-inherit elementor-widget elementor-widget-text-editor\" data-id=\"e1f0756\" data-element_type=\"widget\" data-widget_type=\"text-editor.default\">\n\t\t\t\t<div class=\"elementor-widget-container\">\n\t\t\t\t\t\t\t\t\t<div class=\"message__80c10 cozyMessage__64ce7 wrapper__09ecc cozy_f5c119 zalgo__39311\" tabindex=\"-1\" role=\"article\" data-list-item-id=\"chat-messages___chat-messages-1138131783137898507-1167184556688953385\" aria-setsize=\"-1\" aria-roledescription=\"Message\" aria-labelledby=\"message-username-1167183693840928828 uid_1 message-content-1167184556688953385 uid_2 message-timestamp-1167184556688953385\"><p>Traumatisme cheville ou pied (chute, douleur, fracture)<\/p><p>Vaccination r\u00e9cente (environ 1semaine)<\/p><p>Fi\u00e8vre Ost\u00e9opathe ou kin\u00e9sith\u00e9rapeute (environ 1semaine)<\/p><\/div>\t\t\t\t\t\t\t\t<\/div>\n\t\t\t\t<\/div>\n\t\t\t\t<div class=\"elementor-element elementor-element-109c067 elementor-widget__width-inherit elementor-widget elementor-widget-text-editor\" data-id=\"109c067\" data-element_type=\"widget\" data-widget_type=\"text-editor.default\">\n\t\t\t\t<div class=\"elementor-widget-container\">\n\t\t\t\t\t\t\t\t\t<div class=\"message__80c10 cozyMessage__64ce7 wrapper__09ecc cozy_f5c119 zalgo__39311\" tabindex=\"-1\" role=\"article\" data-list-item-id=\"chat-messages___chat-messages-1138131783137898507-1167184556688953385\" aria-setsize=\"-1\" aria-roledescription=\"Message\" aria-labelledby=\"message-username-1167183693840928828 uid_1 message-content-1167184556688953385 uid_2 message-timestamp-1167184556688953385\"><div class=\"contents_f41bb2\">Lors de cet atelier, il arrive parfois que les \u00e9motions vous submergent, je serai l\u00e0 pour vous aider \u00e0 poser les mots et je vous accompagnerai \u00e0 votre rythme en toute douceur et bienveillance. Il est possible aussi que la r\u00e9flexologie provoque certaines r\u00e9actions jusqu\u2019\u00e0 48heures apr\u00e8s la s\u00e9ance (sommeil perturb\u00e9, agitation, urines plus odorante et plus fonc\u00e9\u2026)<\/div><\/div>\t\t\t\t\t\t\t\t<\/div>\n\t\t\t\t<\/div>\n\t\t\t\t\t<\/div>\n\t\t<\/div>\n\t\t\t\t\t<\/div>\n\t\t<\/section>\n\t\t\t\t<\/div>\n\t\t","protected":false},"excerpt":{"rendered":"<p>R\u00e9flexologie B\u00e9b\u00e9 \u00c9motionnelle Imaginez pouvoir soulager les douleurs et les \u00e9motions de votre enfant en activant certains points r\u00e9flexes sur ses pieds. C&rsquo;est pr\u00e9cis\u00e9ment ce que propose l&rsquo;atelier de r\u00e9flexologie \u00e9motionnelle pour b\u00e9b\u00e9s, offrant un v\u00e9ritable soulagement tant pour vous que pour votre enfant. Les pieds, une miniature de notre cartographie corporelle, renferment une incroyable [&hellip;]<\/p>\n","protected":false},"author":1,"featured_media":0,"parent":0,"menu_order":0,"comment_status":"closed","ping_status":"closed","template":"elementor_header_footer","meta":{"footnotes":""},"class_list":["post-2307","page","type-page","status-publish","hentry"],"_links":{"self":[{"href":"https:\/\/nascentia.eu\/index.php\/wp-json\/wp\/v2\/pages\/2307","targetHints":{"allow":["GET"]}}],"collection":[{"href":"https:\/\/nascentia.eu\/index.php\/wp-json\/wp\/v2\/pages"}],"about":[{"href":"https:\/\/nascentia.eu\/index.php\/wp-json\/wp\/v2\/types\/page"}],"author":[{"embeddable":true,"href":"https:\/\/nascentia.eu\/index.php\/wp-json\/wp\/v2\/users\/1"}],"replies":[{"embeddable":true,"href":"https:\/\/nascentia.eu\/index.php\/wp-json\/wp\/v2\/comments?post=2307"}],"version-history":[{"count":23,"href":"https:\/\/nascentia.eu\/index.php\/wp-json\/wp\/v2\/pages\/2307\/revisions"}],"predecessor-version":[{"id":2419,"href":"https:\/\/nascentia.eu\/index.php\/wp-json\/wp\/v2\/pages\/2307\/revisions\/2419"}],"wp:attachment":[{"href":"https:\/\/nascentia.eu\/index.php\/wp-json\/wp\/v2\/media?parent=2307"}],"curies":[{"name":"wp","href":"https:\/\/api.w.org\/{rel}","templated":true}]}}